{"id":289,"date":"2019-08-22T14:01:39","date_gmt":"2019-08-22T14:01:39","guid":{"rendered":"https:\/\/graphoui.org\/?page_id=289"},"modified":"2023-10-26T19:38:46","modified_gmt":"2023-10-26T19:38:46","slug":"a-propos","status":"publish","type":"page","link":"https:\/\/graphoui.org\/en\/a-propos\/","title":{"rendered":"About"},"content":{"rendered":"<p><\/p>\n<h2><strong>Founded in 1979, Atelier Graphoui is a collective of filmmakers, &#8220;audiovisual production atelier&#8221; and &#8220;center of expression and creativity&#8221; recognized by the Federation Wallonia-Brussels.<\/strong><\/h2>\n<p><\/p>","protected":false},"excerpt":{"rendered":"Founded in 1979, Atelier Graphoui is a collective of filmmakers, &#8220;audiovisual production atelier&#8221; and &#8220;center of expression and creativity&#8221; recognized by the Federation Wallonia-Brussels.","protected":false},"author":1,"featured_media":0,"parent":0,"menu_order":0,"comment_status":"closed","ping_status":"closed","template":"","meta":{"_acf_changed":false,"h5ap_radio_sources":[],"footnotes":""},"class_list":["post-289","page","type-page","status-publish","hentry"],"acf":[],"yoast_head":"<!-- This site is optimized with the Yoast SEO plugin v27.4 - https:\/\/yoast.com\/product\/yoast-seo-wordpress\/ -->\n<title>About - Atelier Graphoui<\/title>\n<meta name=\"description\" content=\"L\u2019Atelier Graphoui est un collectif de cin\u00e9astes, atelier de production audiovisuelle et centre d\u2019expression et de cr\u00e9ativit\u00e9 reconnu par la F\u00e9d\u00e9ration Wallonie-Bruxelles depuis 1979.\" \/>\n<meta name=\"robots\" content=\"index, follow, max-snippet:-1, max-image-preview:large, max-video-preview:-1\" \/>\n<link rel=\"canonical\" href=\"https:\/\/graphoui.org\/en\/a-propos\/\" \/>\n<meta property=\"og:locale\" content=\"en_US\" \/>\n<meta property=\"og:type\" content=\"article\" \/>\n<meta property=\"og:title\" content=\"About - Atelier Graphoui\" \/>\n<meta property=\"og:description\" content=\"L\u2019Atelier Graphoui est un collectif de cin\u00e9astes, atelier de production audiovisuelle et centre d\u2019expression et de cr\u00e9ativit\u00e9 reconnu par la F\u00e9d\u00e9ration Wallonie-Bruxelles depuis 1979.\" \/>\n<meta property=\"og:url\" content=\"https:\/\/graphoui.org\/en\/a-propos\/\" \/>\n<meta property=\"og:site_name\" content=\"Atelier Graphoui\" \/>\n<meta property=\"article:modified_time\" content=\"2023-10-26T19:38:46+00:00\" \/>\n<meta name=\"twitter:card\" content=\"summary_large_image\" \/>\n<meta name=\"twitter:label1\" content=\"Est. reading time\" \/>\n\t<meta name=\"twitter:data1\" content=\"1 minute\" \/>\n<script type=\"application\/ld+json\" class=\"yoast-schema-graph\">{\"@context\":\"https:\\\/\\\/schema.org\",\"@graph\":[{\"@type\":\"WebPage\",\"@id\":\"https:\\\/\\\/graphoui.org\\\/en\\\/a-propos\\\/\",\"url\":\"https:\\\/\\\/graphoui.org\\\/en\\\/a-propos\\\/\",\"name\":\"About - Atelier Graphoui\",\"isPartOf\":{\"@id\":\"https:\\\/\\\/graphoui.org\\\/en\\\/#website\"},\"datePublished\":\"2019-08-22T14:01:39+00:00\",\"dateModified\":\"2023-10-26T19:38:46+00:00\",\"description\":\"L\u2019Atelier Graphoui est un collectif de cin\u00e9astes, atelier de production audiovisuelle et centre d\u2019expression et de cr\u00e9ativit\u00e9 reconnu par la F\u00e9d\u00e9ration Wallonie-Bruxelles depuis 1979.\",\"breadcrumb\":{\"@id\":\"https:\\\/\\\/graphoui.org\\\/en\\\/a-propos\\\/#breadcrumb\"},\"inLanguage\":\"en-US\",\"potentialAction\":[{\"@type\":\"ReadAction\",\"target\":[[\"https:\\\/\\\/graphoui.org\\\/en\\\/a-propos\\\/\"]]}]},{\"@type\":\"BreadcrumbList\",\"@id\":\"https:\\\/\\\/graphoui.org\\\/en\\\/a-propos\\\/#breadcrumb\",\"itemListElement\":[{\"@type\":\"ListItem\",\"position\":1,\"name\":\"Home\",\"item\":\"https:\\\/\\\/graphoui.org\\\/en\\\/\"},{\"@type\":\"ListItem\",\"position\":2,\"name\":\"A propos\"}]},{\"@type\":\"WebSite\",\"@id\":\"https:\\\/\\\/graphoui.org\\\/en\\\/#website\",\"url\":\"https:\\\/\\\/graphoui.org\\\/en\\\/\",\"name\":\"Atelier Graphoui\",\"description\":\"Atelier de production &amp; CEC\",\"publisher\":{\"@id\":\"https:\\\/\\\/graphoui.org\\\/en\\\/#organization\"},\"potentialAction\":[{\"@type\":\"SearchAction\",\"target\":{\"@type\":\"EntryPoint\",\"urlTemplate\":\"https:\\\/\\\/graphoui.org\\\/en\\\/?s={search_term_string}\"},\"query-input\":{\"@type\":\"PropertyValueSpecification\",\"valueRequired\":true,\"valueName\":\"search_term_string\"}}],\"inLanguage\":\"en-US\"},{\"@type\":\"Organization\",\"@id\":\"https:\\\/\\\/graphoui.org\\\/en\\\/#organization\",\"name\":\"Atelier Graphoui\",\"url\":\"https:\\\/\\\/graphoui.org\\\/en\\\/\",\"logo\":{\"@type\":\"ImageObject\",\"inLanguage\":\"en-US\",\"@id\":\"https:\\\/\\\/graphoui.org\\\/en\\\/#\\\/schema\\\/logo\\\/image\\\/\",\"url\":\"https:\\\/\\\/graphoui.org\\\/wp-content\\\/uploads\\\/2019\\\/08\\\/cropped-logo-graphoui.png\",\"contentUrl\":\"https:\\\/\\\/graphoui.org\\\/wp-content\\\/uploads\\\/2019\\\/08\\\/cropped-logo-graphoui.png\",\"width\":348,\"height\":239,\"caption\":\"Atelier Graphoui\"},\"image\":{\"@id\":\"https:\\\/\\\/graphoui.org\\\/en\\\/#\\\/schema\\\/logo\\\/image\\\/\"}}]}<\/script>\n<!-- \/ Yoast SEO plugin. -->","yoast_head_json":{"title":"About - Atelier Graphoui","description":"L\u2019Atelier Graphoui est un collectif de cin\u00e9astes, atelier de production audiovisuelle et centre d\u2019expression et de cr\u00e9ativit\u00e9 reconnu par la F\u00e9d\u00e9ration Wallonie-Bruxelles depuis 1979.","robots":{"index":"index","follow":"follow","max-snippet":"max-snippet:-1","max-image-preview":"max-image-preview:large","max-video-preview":"max-video-preview:-1"},"canonical":"https:\/\/graphoui.org\/en\/a-propos\/","og_locale":"en_US","og_type":"article","og_title":"About - Atelier Graphoui","og_description":"L\u2019Atelier Graphoui est un collectif de cin\u00e9astes, atelier de production audiovisuelle et centre d\u2019expression et de cr\u00e9ativit\u00e9 reconnu par la F\u00e9d\u00e9ration Wallonie-Bruxelles depuis 1979.","og_url":"https:\/\/graphoui.org\/en\/a-propos\/","og_site_name":"Atelier Graphoui","article_modified_time":"2023-10-26T19:38:46+00:00","twitter_card":"summary_large_image","twitter_misc":{"Est. reading time":"1 minute"},"schema":{"@context":"https:\/\/schema.org","@graph":[{"@type":"WebPage","@id":"https:\/\/graphoui.org\/en\/a-propos\/","url":"https:\/\/graphoui.org\/en\/a-propos\/","name":"About - Atelier Graphoui","isPartOf":{"@id":"https:\/\/graphoui.org\/en\/#website"},"datePublished":"2019-08-22T14:01:39+00:00","dateModified":"2023-10-26T19:38:46+00:00","description":"L\u2019Atelier Graphoui est un collectif de cin\u00e9astes, atelier de production audiovisuelle et centre d\u2019expression et de cr\u00e9ativit\u00e9 reconnu par la F\u00e9d\u00e9ration Wallonie-Bruxelles depuis 1979.","breadcrumb":{"@id":"https:\/\/graphoui.org\/en\/a-propos\/#breadcrumb"},"inLanguage":"en-US","potentialAction":[{"@type":"ReadAction","target":[["https:\/\/graphoui.org\/en\/a-propos\/"]]}]},{"@type":"BreadcrumbList","@id":"https:\/\/graphoui.org\/en\/a-propos\/#breadcrumb","itemListElement":[{"@type":"ListItem","position":1,"name":"Home","item":"https:\/\/graphoui.org\/en\/"},{"@type":"ListItem","position":2,"name":"A propos"}]},{"@type":"WebSite","@id":"https:\/\/graphoui.org\/en\/#website","url":"https:\/\/graphoui.org\/en\/","name":"Atelier Graphoui","description":"Atelier de production &amp; CEC","publisher":{"@id":"https:\/\/graphoui.org\/en\/#organization"},"potentialAction":[{"@type":"SearchAction","target":{"@type":"EntryPoint","urlTemplate":"https:\/\/graphoui.org\/en\/?s={search_term_string}"},"query-input":{"@type":"PropertyValueSpecification","valueRequired":true,"valueName":"search_term_string"}}],"inLanguage":"en-US"},{"@type":"Organization","@id":"https:\/\/graphoui.org\/en\/#organization","name":"Atelier Graphoui","url":"https:\/\/graphoui.org\/en\/","logo":{"@type":"ImageObject","inLanguage":"en-US","@id":"https:\/\/graphoui.org\/en\/#\/schema\/logo\/image\/","url":"https:\/\/graphoui.org\/wp-content\/uploads\/2019\/08\/cropped-logo-graphoui.png","contentUrl":"https:\/\/graphoui.org\/wp-content\/uploads\/2019\/08\/cropped-logo-graphoui.png","width":348,"height":239,"caption":"Atelier Graphoui"},"image":{"@id":"https:\/\/graphoui.org\/en\/#\/schema\/logo\/image\/"}}]}},"_links":{"self":[{"href":"https:\/\/graphoui.org\/en\/wp-json\/wp\/v2\/pages\/289","targetHints":{"allow":["GET"]}}],"collection":[{"href":"https:\/\/graphoui.org\/en\/wp-json\/wp\/v2\/pages"}],"about":[{"href":"https:\/\/graphoui.org\/en\/wp-json\/wp\/v2\/types\/page"}],"author":[{"embeddable":true,"href":"https:\/\/graphoui.org\/en\/wp-json\/wp\/v2\/users\/1"}],"replies":[{"embeddable":true,"href":"https:\/\/graphoui.org\/en\/wp-json\/wp\/v2\/comments?post=289"}],"version-history":[{"count":10,"href":"https:\/\/graphoui.org\/en\/wp-json\/wp\/v2\/pages\/289\/revisions"}],"predecessor-version":[{"id":3131,"href":"https:\/\/graphoui.org\/en\/wp-json\/wp\/v2\/pages\/289\/revisions\/3131"}],"wp:attachment":[{"href":"https:\/\/graphoui.org\/en\/wp-json\/wp\/v2\/media?parent=289"}],"curies":[{"name":"wp","href":"https:\/\/api.w.org\/{rel}","templated":true}]}}