{"id":284,"date":"2019-08-22T12:11:20","date_gmt":"2019-08-22T12:11:20","guid":{"rendered":"https:\/\/graphoui.org\/?page_id=284"},"modified":"2026-03-24T15:18:57","modified_gmt":"2026-03-24T15:18:57","slug":"accueil","status":"publish","type":"page","link":"https:\/\/graphoui.org\/en\/","title":{"rendered":"Home"},"content":{"rendered":"","protected":false},"excerpt":{"rendered":"","protected":false},"author":1,"featured_media":0,"parent":0,"menu_order":0,"comment_status":"closed","ping_status":"closed","template":"","meta":{"_acf_changed":false,"h5ap_radio_sources":[],"footnotes":""},"class_list":["post-284","page","type-page","status-publish","hentry"],"acf":[],"yoast_head":"<!-- This site is optimized with the Yoast SEO plugin v27.4 - https:\/\/yoast.com\/product\/yoast-seo-wordpress\/ -->\n<title>Home - Atelier Graphoui<\/title>\n<meta name=\"description\" content=\"L\u2019Atelier Graphoui, collectif de cin\u00e9astes, atelier de production audiovisuelle et centre d\u2019expression et de cr\u00e9ativit\u00e9 reconnu par la F\u00e9d\u00e9ration Wallonie-Bruxelles depuis 1979.\" \/>\n<meta name=\"robots\" content=\"index, follow, max-snippet:-1, max-image-preview:large, max-video-preview:-1\" \/>\n<link rel=\"canonical\" href=\"https:\/\/graphoui.org\/en\/\" \/>\n<meta property=\"og:locale\" content=\"en_US\" \/>\n<meta property=\"og:type\" content=\"article\" \/>\n<meta property=\"og:title\" content=\"Home - Atelier Graphoui\" \/>\n<meta property=\"og:description\" content=\"L\u2019Atelier Graphoui, collectif de cin\u00e9astes, atelier de production audiovisuelle et centre d\u2019expression et de cr\u00e9ativit\u00e9 reconnu par la F\u00e9d\u00e9ration Wallonie-Bruxelles depuis 1979.\" \/>\n<meta property=\"og:url\" content=\"https:\/\/graphoui.org\/en\/\" \/>\n<meta property=\"og:site_name\" content=\"Atelier Graphoui\" \/>\n<meta property=\"article:modified_time\" content=\"2026-03-24T15:18:57+00:00\" \/>\n<meta name=\"twitter:card\" content=\"summary_large_image\" \/>\n<script type=\"application\/ld+json\" class=\"yoast-schema-graph\">{\"@context\":\"https:\\\/\\\/schema.org\",\"@graph\":[{\"@type\":\"WebPage\",\"@id\":\"https:\\\/\\\/graphoui.org\\\/en\\\/\",\"url\":\"https:\\\/\\\/graphoui.org\\\/en\\\/\",\"name\":\"Home - Atelier Graphoui\",\"isPartOf\":{\"@id\":\"https:\\\/\\\/graphoui.org\\\/en\\\/#website\"},\"datePublished\":\"2019-08-22T12:11:20+00:00\",\"dateModified\":\"2026-03-24T15:18:57+00:00\",\"description\":\"L\u2019Atelier Graphoui, collectif de cin\u00e9astes, atelier de production audiovisuelle et centre d\u2019expression et de cr\u00e9ativit\u00e9 reconnu par la F\u00e9d\u00e9ration Wallonie-Bruxelles depuis 1979.\",\"breadcrumb\":{\"@id\":\"https:\\\/\\\/graphoui.org\\\/en\\\/#breadcrumb\"},\"inLanguage\":\"en-US\",\"potentialAction\":[{\"@type\":\"ReadAction\",\"target\":[[\"https:\\\/\\\/graphoui.org\\\/en\\\/\"]]}]},{\"@type\":\"BreadcrumbList\",\"@id\":\"https:\\\/\\\/graphoui.org\\\/en\\\/#breadcrumb\",\"itemListElement\":[{\"@type\":\"ListItem\",\"position\":1,\"name\":\"Home\",\"item\":\"https:\\\/\\\/graphoui.org\\\/en\\\/\"},{\"@type\":\"ListItem\",\"position\":2,\"name\":\"Accueil\"}]},{\"@type\":\"WebSite\",\"@id\":\"https:\\\/\\\/graphoui.org\\\/en\\\/#website\",\"url\":\"https:\\\/\\\/graphoui.org\\\/en\\\/\",\"name\":\"Atelier Graphoui\",\"description\":\"Atelier de production &amp; CEC\",\"publisher\":{\"@id\":\"https:\\\/\\\/graphoui.org\\\/en\\\/#organization\"},\"potentialAction\":[{\"@type\":\"SearchAction\",\"target\":{\"@type\":\"EntryPoint\",\"urlTemplate\":\"https:\\\/\\\/graphoui.org\\\/en\\\/?s={search_term_string}\"},\"query-input\":{\"@type\":\"PropertyValueSpecification\",\"valueRequired\":true,\"valueName\":\"search_term_string\"}}],\"inLanguage\":\"en-US\"},{\"@type\":\"Organization\",\"@id\":\"https:\\\/\\\/graphoui.org\\\/en\\\/#organization\",\"name\":\"Atelier Graphoui\",\"url\":\"https:\\\/\\\/graphoui.org\\\/en\\\/\",\"logo\":{\"@type\":\"ImageObject\",\"inLanguage\":\"en-US\",\"@id\":\"https:\\\/\\\/graphoui.org\\\/en\\\/#\\\/schema\\\/logo\\\/image\\\/\",\"url\":\"https:\\\/\\\/graphoui.org\\\/wp-content\\\/uploads\\\/2019\\\/08\\\/cropped-logo-graphoui.png\",\"contentUrl\":\"https:\\\/\\\/graphoui.org\\\/wp-content\\\/uploads\\\/2019\\\/08\\\/cropped-logo-graphoui.png\",\"width\":348,\"height\":239,\"caption\":\"Atelier Graphoui\"},\"image\":{\"@id\":\"https:\\\/\\\/graphoui.org\\\/en\\\/#\\\/schema\\\/logo\\\/image\\\/\"}}]}<\/script>\n<!-- \/ Yoast SEO plugin. -->","yoast_head_json":{"title":"Home - Atelier Graphoui","description":"L\u2019Atelier Graphoui, collectif de cin\u00e9astes, atelier de production audiovisuelle et centre d\u2019expression et de cr\u00e9ativit\u00e9 reconnu par la F\u00e9d\u00e9ration Wallonie-Bruxelles depuis 1979.","robots":{"index":"index","follow":"follow","max-snippet":"max-snippet:-1","max-image-preview":"max-image-preview:large","max-video-preview":"max-video-preview:-1"},"canonical":"https:\/\/graphoui.org\/en\/","og_locale":"en_US","og_type":"article","og_title":"Home - Atelier Graphoui","og_description":"L\u2019Atelier Graphoui, collectif de cin\u00e9astes, atelier de production audiovisuelle et centre d\u2019expression et de cr\u00e9ativit\u00e9 reconnu par la F\u00e9d\u00e9ration Wallonie-Bruxelles depuis 1979.","og_url":"https:\/\/graphoui.org\/en\/","og_site_name":"Atelier Graphoui","article_modified_time":"2026-03-24T15:18:57+00:00","twitter_card":"summary_large_image","schema":{"@context":"https:\/\/schema.org","@graph":[{"@type":"WebPage","@id":"https:\/\/graphoui.org\/en\/","url":"https:\/\/graphoui.org\/en\/","name":"Home - Atelier Graphoui","isPartOf":{"@id":"https:\/\/graphoui.org\/en\/#website"},"datePublished":"2019-08-22T12:11:20+00:00","dateModified":"2026-03-24T15:18:57+00:00","description":"L\u2019Atelier Graphoui, collectif de cin\u00e9astes, atelier de production audiovisuelle et centre d\u2019expression et de cr\u00e9ativit\u00e9 reconnu par la F\u00e9d\u00e9ration Wallonie-Bruxelles depuis 1979.","breadcrumb":{"@id":"https:\/\/graphoui.org\/en\/#breadcrumb"},"inLanguage":"en-US","potentialAction":[{"@type":"ReadAction","target":[["https:\/\/graphoui.org\/en\/"]]}]},{"@type":"BreadcrumbList","@id":"https:\/\/graphoui.org\/en\/#breadcrumb","itemListElement":[{"@type":"ListItem","position":1,"name":"Home","item":"https:\/\/graphoui.org\/en\/"},{"@type":"ListItem","position":2,"name":"Accueil"}]},{"@type":"WebSite","@id":"https:\/\/graphoui.org\/en\/#website","url":"https:\/\/graphoui.org\/en\/","name":"Atelier Graphoui","description":"Atelier de production &amp; CEC","publisher":{"@id":"https:\/\/graphoui.org\/en\/#organization"},"potentialAction":[{"@type":"SearchAction","target":{"@type":"EntryPoint","urlTemplate":"https:\/\/graphoui.org\/en\/?s={search_term_string}"},"query-input":{"@type":"PropertyValueSpecification","valueRequired":true,"valueName":"search_term_string"}}],"inLanguage":"en-US"},{"@type":"Organization","@id":"https:\/\/graphoui.org\/en\/#organization","name":"Atelier Graphoui","url":"https:\/\/graphoui.org\/en\/","logo":{"@type":"ImageObject","inLanguage":"en-US","@id":"https:\/\/graphoui.org\/en\/#\/schema\/logo\/image\/","url":"https:\/\/graphoui.org\/wp-content\/uploads\/2019\/08\/cropped-logo-graphoui.png","contentUrl":"https:\/\/graphoui.org\/wp-content\/uploads\/2019\/08\/cropped-logo-graphoui.png","width":348,"height":239,"caption":"Atelier Graphoui"},"image":{"@id":"https:\/\/graphoui.org\/en\/#\/schema\/logo\/image\/"}}]}},"_links":{"self":[{"href":"https:\/\/graphoui.org\/en\/wp-json\/wp\/v2\/pages\/284","targetHints":{"allow":["GET"]}}],"collection":[{"href":"https:\/\/graphoui.org\/en\/wp-json\/wp\/v2\/pages"}],"about":[{"href":"https:\/\/graphoui.org\/en\/wp-json\/wp\/v2\/types\/page"}],"author":[{"embeddable":true,"href":"https:\/\/graphoui.org\/en\/wp-json\/wp\/v2\/users\/1"}],"replies":[{"embeddable":true,"href":"https:\/\/graphoui.org\/en\/wp-json\/wp\/v2\/comments?post=284"}],"version-history":[{"count":9,"href":"https:\/\/graphoui.org\/en\/wp-json\/wp\/v2\/pages\/284\/revisions"}],"predecessor-version":[{"id":7514,"href":"https:\/\/graphoui.org\/en\/wp-json\/wp\/v2\/pages\/284\/revisions\/7514"}],"wp:attachment":[{"href":"https:\/\/graphoui.org\/en\/wp-json\/wp\/v2\/media?parent=284"}],"curies":[{"name":"wp","href":"https:\/\/api.w.org\/{rel}","templated":true}]}}