{"id":2537,"date":"2019-09-09T07:15:46","date_gmt":"2019-09-09T07:15:46","guid":{"rendered":"https:\/\/graphoui.org\/?page_id=2537"},"modified":"2026-04-01T14:24:09","modified_gmt":"2026-04-01T14:24:09","slug":"contact","status":"publish","type":"page","link":"https:\/\/graphoui.org\/en\/contact\/","title":{"rendered":"Contact"},"content":{"rendered":"<p><strong>Newsletter<\/strong><\/p>\n<p><div class=\"tnp tnp-subscription \">\n<form method=\"post\" action=\"https:\/\/graphoui.org\/wp-admin\/admin-ajax.php?action=tnp&amp;na=s\">\n<input type=\"hidden\" name=\"nlang\" value=\"\">\n<div class=\"tnp-field tnp-field-firstname\"><label for=\"tnp-5\">Pr\u00e9nom \/ First name <\/label>\n<input class=\"tnp-name\" type=\"text\" name=\"nn\" id=\"tnp-5\" value=\"\" placeholder=\"\"><\/div>\n<div class=\"tnp-field tnp-field-surname\"><label for=\"tnp-6\">Nom \/ Name<\/label>\n<input class=\"tnp-surname\" type=\"text\" name=\"ns\" id=\"tnp-6\" value=\"\" placeholder=\"\"><\/div><div class=\"tnp-field tnp-field-email\"><label for=\"tnp-7\">E-mail<\/label>\n<input class=\"tnp-email\" type=\"email\" name=\"ne\" id=\"tnp-7\" value=\"\" placeholder=\"\" required><\/div>\n<div class=\"tnp-field tnp-field-button\" style=\"text-align: left\"><input class=\"tnp-submit\" type=\"submit\" value=\"S&#039;abonner \/ Subscribe\" style=\"\">\n<\/div>\n<\/form>\n<\/div>\n<br \/>\n<strong>Nos derni\u00e8res newsletters :<\/strong><\/p>\n<h5><a href=\"https:\/\/graphoui.org\/?na=view&amp;id=7\" target=\"_blank\" rel=\"noopener\">Janvier 2025<\/a> &#8211; <a href=\"https:\/\/graphoui.org\/?na=view&amp;id=8\" target=\"_blank\" rel=\"noopener\">Mid-Winter 2025<\/a> &#8211; <a href=\"https:\/\/graphoui.org\/?na=view&amp;id=10\" target=\"_blank\" rel=\"noopener\">F\u00e9vrier 2025<\/a> &#8211; <a href=\"https:\/\/graphoui.org\/?na=view&amp;id=11\" target=\"_blank\" rel=\"noopener\">Mars 2025<\/a> &#8211; <a href=\"https:\/\/graphoui.org\/?na=view&amp;id=12\" target=\"_blank\" rel=\"noopener\">Avril 2025<\/a> &#8211;\u00a0<a href=\"https:\/\/graphoui.org\/?na=view&amp;id=14\" target=\"_blank\" rel=\"noopener\">Mai 2025<\/a> &#8211; <a href=\"https:\/\/graphoui.org\/?na=view&amp;id=15\" target=\"_blank\" rel=\"noopener\">Juin 2025<\/a> &#8211; <a href=\"https:\/\/graphoui.org\/?na=view&amp;id=16\" target=\"_blank\" rel=\"noopener\">Ateliers d&#8217;\u00e9t\u00e9 2025<\/a> &#8211;\u00a0<a href=\"https:\/\/graphoui.org\/?na=view&amp;id=17\" target=\"_blank\" rel=\"noopener\">Et\u00e9 2025<\/a> &#8211; <a href=\"https:\/\/graphoui.org\/?na=view&amp;id=20\" target=\"_blank\" rel=\"noopener\">Ao\u00fbt 2025<\/a> &#8211;\u00a0<a href=\"https:\/\/graphoui.org\/?na=view&amp;id=21\" target=\"_blank\" rel=\"noopener\">Septembre 2025<\/a>\u00a0&#8211; <a href=\"https:\/\/graphoui.org\/?na=view&amp;id=22\" target=\"_blank\" rel=\"noopener\">Octobre 2025<\/a> &#8211; <a href=\"https:\/\/graphoui.org\/?na=view&amp;id=23\" target=\"_blank\" rel=\"noopener\">Autumn 2025<\/a>\u00a0&#8211; <a href=\"https:\/\/graphoui.org\/en\/?na=view&amp;id=24\" target=\"_blank\" rel=\"noopener\">Novembre 2025 \/ Part 1<\/a> &#8211; <a href=\"https:\/\/graphoui.org\/en\/?na=view&amp;id=25\" target=\"_blank\" rel=\"noopener\">Novembre 2025 \/ Part 2<\/a> &#8211; <a href=\"https:\/\/graphoui.org\/?na=view&amp;id=26\" target=\"_blank\" rel=\"noopener\">D\u00e9cembre 2025<\/a> &#8211; <a href=\"https:\/\/graphoui.org\/?na=view&amp;id=27\" target=\"_blank\" rel=\"noopener\">Janvier 2026<\/a>\u00a0&#8211; <a href=\"https:\/\/graphoui.org\/?na=view&amp;id=28\" target=\"_blank\" rel=\"noopener\">Mid-Winter 2026<\/a> &#8211; <a href=\"https:\/\/graphoui.org\/?na=view&amp;id=29\" target=\"_blank\" rel=\"noopener\">F\u00e9vrier 2026<\/a>\u00a0&#8211; <a href=\"https:\/\/graphoui.org\/?na=view&amp;id=31\" target=\"_blank\" rel=\"noopener\">Soon-Spring 2026<\/a> &#8211;\u00a0<a href=\"https:\/\/graphoui.org\/?na=view&amp;id=32\" target=\"_blank\" rel=\"noopener\">Mars 2026<\/a> &#8211; <a href=\"https:\/\/graphoui.org\/?na=view&amp;id=34\" target=\"_blank\" rel=\"noopener\">Avril 2026<\/a><\/h5>\n<p>&nbsp;<\/p>\n<p><strong><a href=\"https:\/\/goo.gl\/maps\/4sML4diNcjDEAqhDA\" target=\"_blank\" rel=\"noopener noreferrer\">Coordonn\u00e9es<\/a><\/strong><br \/>\nBo\u00eete postale : Boulevard Emile Bockstaellaan, 114 (bo\u00eete 2)<br \/>\n1020 \u2013 Bruxelles \u2013 Belgique<br \/>\n<strong>M\u00e9tro<\/strong> : Pannenhuis<br \/>\n<strong>Acc\u00e8s<\/strong> : Entrer par la porte coch\u00e8re du \u00ab 114 \u00bb, ensuite aller au b\u00e2timent au fond de la cour<\/p>\n<p>BE 0419.497.581 &#8211; RPM Bruxelles<br \/>\nBE77 0680 7503 1042<\/p>\n<p>Tel: +32 (0)2 537 23 74<br \/>\n<a href=\"mailto:info@graphoui.org\" target=\"_blank\" rel=\"noopener noreferrer\">info (at) graphoui.org<\/a><\/p>\n<p><strong>Equipe<\/strong><br \/>\nRomain ASSENAT : <a href=\"mailto:ra@graphoui.org\" target=\"_blank\" rel=\"noopener noreferrer\">ra (at) graphoui.org<\/a><br \/>\n<em>R\u00e9alisation, animation et production d&#8217;ateliers<\/em><br \/>\nPierre DE BELLEFROID : <a href=\"mailto:pdb@graphoui.org\" target=\"_blank\" rel=\"noopener noreferrer\">pdb (at) graphoui.org<\/a><br \/>\n<em>Graphisme, Web et <\/em><em>post-production<\/em><br \/>\nS\u00e9bastien DEMEFFE : <a href=\"mailto:sd@graphoui.org\" target=\"_blank\" rel=\"noopener noreferrer\">sd (at) graphoui.org<\/a><br \/>\n<em>Montage et coordination post-production<\/em><br \/>\nGenevi\u00e8ve DUCKERTS : <a href=\"mailto:gd@graphoui.org\">gd (at) graphoui.org<\/a><br \/>\n<em>Administration et gestion des ressources humaines<\/em><br \/>\nJacques FATON : <a href=\"mailto:jf@graphoui.org\" target=\"_blank\" rel=\"noopener noreferrer\">jf (at) graphoui.org<\/a><br \/>\n<em>Labos et r\u00e9sidences<\/em><br \/>\nThomas FERRANDO : <a class=\"rABsFf RffVmb AL18ce\" href=\"mailto:tf@graphoui.org\" target=\"_blank\" rel=\"noopener\" data-tooltip-position=\"top\" data-tooltip=\"Informations issues de vos contacts Google\">tf (at) graphoui.org<\/a><br \/>\n<em>Responsable son<\/em><br \/>\nLion KAISON : <a href=\"mailto:lk@graphoui.org\" target=\"_blank\" rel=\"noopener\">lk (at) graphoui.org<\/a><br \/>\n<em>R\u00e9alisation, animation et production d&#8217;ateliers<\/em><br \/>\nEllen MEIRESONNE : <a href=\"mailto:em@graphoui.org\">em (at) graphoui.org<\/a><br \/>\n<em>Responsable Production<\/em><br \/>\nVal\u00e9ria MUSIO : <a href=\"mailto:distribution@graphoui.org\">distribution (at) graphoui.org<\/a><br \/>\n<em>Diffusion et promotion<\/em><br \/>\nCaroline NUGUES-BOURCHAT : <a href=\"mailto:caro@graphoui.org\" target=\"_blank\" rel=\"noopener noreferrer\">caro (at) graphoui.org<\/a><br \/>\n<em>Responsable studio d&#8217;animation<\/em><br \/>\nJustine PAULUS : <a href=\"mailto:jp@graphoui.org\" target=\"_blank\" rel=\"noopener noreferrer\">jp (at) graphoui.org<\/a><br \/>\n<em>Administration de production<\/em><br \/>\nCarl ROOSENS : <a href=\"mailto:cr@graphoui.org\" target=\"_blank\" rel=\"noopener noreferrer\">cr (at) graphoui.org<\/a><br \/>\n<em>R\u00e9alisation, animation et production d&#8217;ateliers<\/em><br \/>\nElen SYLLA GROLLIMUND : <a href=\"mailto:es@graphoui.org\" target=\"_blank\" rel=\"noopener noreferrer\">es (at) graphoui.org<\/a><br \/>\n<em>R\u00e9alisation, animation et production d&#8217;ateliers<\/em><\/p>\n<p>&nbsp;<\/p>\n<p><strong>Bienvenue pour le caf\u00e9 \u00e0 l\u2019Atelier Graphoui<\/strong><\/p>\n<div style=\"padding: 56.25% 0 0 0; position: relative;\"><iframe style=\"position: absolute; top: 0; left: 0; width: 100%; height: 100%;\" src=\"https:\/\/player.vimeo.com\/video\/790063819?h=b40af65156&amp;color=ffffff&amp;title=0&amp;byline=0&amp;portrait=0\" frameborder=\"0\" allowfullscreen=\"allowfullscreen\"><\/iframe><\/div>\n<p><script src=\"https:\/\/player.vimeo.com\/api\/player.js\"><\/script><\/p>\n<p>&nbsp;<\/p>\n<p><strong>Conseil d\u2019administration<\/strong><br \/>\nPauline David \u2013 D\u00e9borah B\u00e9narrosh \u2013 Jean-Michel Dethier &#8211; Sylvain Gressier<br \/>\nRepr\u00e9sentante du Minist\u00e8re de la F\u00e9d\u00e9ration Wallonie-Bruxelles : Fatmire Blakaj<\/p>\n<p><strong>Assembl\u00e9e g\u00e9n\u00e9rale<\/strong><br \/>\nRomain Assenat, Deborah Benarrosch, Artur Da Costa, Pierre de Bellefroid, Eric Dederen, S\u00e9bastien Demeffe, Jean-Michel Dethier, Genevi\u00e8ve Duckerts, Jacques Faton, Thomas Ferrando, Sylvain Gressier, Philippe Le Fresne, Marie Logie, Ellen Meiresonne, Aline Moens, Cyril Moss\u00e9, Val\u00e9ria Musio, Tania Nasielski, Caroline Nugues-Bourchat, Justine Paulus, Carl Roosens, Rosa Spaliviero, Elen Sylla Grollimund, Patrick Theunen<\/p>\n<p><img loading=\"lazy\" decoding=\"async\" width=\"250\" height=\"63\" class=\"alignnone size-medium wp-image-2685\" src=\"https:\/\/graphoui.org\/wp-content\/uploads\/2019\/10\/FWB-250x63.png\" alt=\"\" srcset=\"https:\/\/graphoui.org\/wp-content\/uploads\/2019\/10\/FWB-250x63.png 250w, https:\/\/graphoui.org\/wp-content\/uploads\/2019\/10\/FWB-768x194.png 768w, https:\/\/graphoui.org\/wp-content\/uploads\/2019\/10\/FWB-700x177.png 700w, https:\/\/graphoui.org\/wp-content\/uploads\/2019\/10\/FWB-120x30.png 120w, https:\/\/graphoui.org\/wp-content\/uploads\/2019\/10\/FWB-1320x334.png 1320w\" sizes=\"(max-width: 250px) 100vw, 250px\" \/><br \/>\nL\u2019atelier Graphoui est soutenu par le Centre du Cine\u0301ma et de l\u2019Audiovisuel et les Centres d\u2019Expression et de Cre\u0301ativite\u0301 du Service de l\u2019Education permanente de la Fe\u0301de\u0301ration Wallonie-Bruxelles.<\/p>\n<hr \/>\n<h6>Website made in <a href=\"https:\/\/www.tacticasbl.be\/\" target=\"_blank\" rel=\"noopener noreferrer\">Tactic asbl<\/a> &amp; <a href=\"http:\/\/www.graphoui.org\">Atelier Graphoui<\/a>,<br \/>\nwith <a href=\"https:\/\/wordpress.org\/\" target=\"_blank\" rel=\"noopener noreferrer\">WordPress<\/a>, hosted by <a href=\"http:\/\/www.all2all.org\/fr\/\" target=\"_blank\" rel=\"noopener noreferrer\">all2all<\/a><\/h6>\n<p><\/p>","protected":false},"excerpt":{"rendered":"Newsletter Nos derni\u00e8res newsletters : Janvier 2025 &#8211; Mid-Winter 2025 &#8211; F\u00e9vrier 2025 &#8211; Mars 2025 &#8211; Avril 2025 &#8211;\u00a0Mai 2025 &#8211; Juin 2025 &#8211; Ateliers d&#8217;\u00e9t\u00e9 2025 &#8211;\u00a0Et\u00e9 2025&#8230; <a class=\"view-article\" href=\"https:\/\/graphoui.org\/en\/contact\/\">View Article<\/a>","protected":false},"author":1,"featured_media":0,"parent":0,"menu_order":0,"comment_status":"closed","ping_status":"closed","template":"","meta":{"_acf_changed":false,"h5ap_radio_sources":[],"footnotes":""},"class_list":["post-2537","page","type-page","status-publish","hentry"],"acf":[],"yoast_head":"<!-- This site is optimized with the Yoast SEO plugin v27.3 - https:\/\/yoast.com\/product\/yoast-seo-wordpress\/ -->\n<title>Contact - Atelier Graphoui<\/title>\n<meta name=\"robots\" content=\"index, follow, max-snippet:-1, max-image-preview:large, max-video-preview:-1\" \/>\n<link rel=\"canonical\" href=\"https:\/\/graphoui.org\/en\/contact\/\" \/>\n<meta property=\"og:locale\" content=\"en_US\" \/>\n<meta property=\"og:type\" content=\"article\" \/>\n<meta property=\"og:title\" content=\"Contact - Atelier Graphoui\" \/>\n<meta property=\"og:description\" content=\"Newsletter Nos derni\u00e8res newsletters : Janvier 2025 &#8211; Mid-Winter 2025 &#8211; F\u00e9vrier 2025 &#8211; Mars 2025 &#8211; Avril 2025 &#8211;\u00a0Mai 2025 &#8211; Juin 2025 &#8211; Ateliers d&#8217;\u00e9t\u00e9 2025 &#8211;\u00a0Et\u00e9 2025... View Article\" \/>\n<meta property=\"og:url\" content=\"https:\/\/graphoui.org\/en\/contact\/\" \/>\n<meta property=\"og:site_name\" content=\"Atelier Graphoui\" \/>\n<meta property=\"article:modified_time\" content=\"2026-04-01T14:24:09+00:00\" \/>\n<meta property=\"og:image\" content=\"https:\/\/graphoui.org\/wp-content\/uploads\/2019\/10\/FWB.png\" \/>\n\t<meta property=\"og:image:width\" content=\"3423\" \/>\n\t<meta property=\"og:image:height\" content=\"865\" \/>\n\t<meta property=\"og:image:type\" content=\"image\/png\" \/>\n<meta name=\"twitter:card\" content=\"summary_large_image\" \/>\n<meta name=\"twitter:label1\" content=\"Est. reading time\" \/>\n\t<meta name=\"twitter:data1\" content=\"2 minutes\" \/>\n<script type=\"application\/ld+json\" class=\"yoast-schema-graph\">{\"@context\":\"https:\\\/\\\/schema.org\",\"@graph\":[{\"@type\":\"WebPage\",\"@id\":\"https:\\\/\\\/graphoui.org\\\/en\\\/contact\\\/\",\"url\":\"https:\\\/\\\/graphoui.org\\\/en\\\/contact\\\/\",\"name\":\"Contact - Atelier Graphoui\",\"isPartOf\":{\"@id\":\"https:\\\/\\\/graphoui.org\\\/en\\\/#website\"},\"primaryImageOfPage\":{\"@id\":\"https:\\\/\\\/graphoui.org\\\/en\\\/contact\\\/#primaryimage\"},\"image\":{\"@id\":\"https:\\\/\\\/graphoui.org\\\/contact\\\/#primaryimage\"},\"thumbnailUrl\":\"https:\\\/\\\/graphoui.org\\\/wp-content\\\/uploads\\\/2019\\\/10\\\/FWB-250x63.png\",\"datePublished\":\"2019-09-09T07:15:46+00:00\",\"dateModified\":\"2026-04-01T14:24:09+00:00\",\"breadcrumb\":{\"@id\":\"https:\\\/\\\/graphoui.org\\\/en\\\/contact\\\/#breadcrumb\"},\"inLanguage\":\"en-US\",\"potentialAction\":[{\"@type\":\"ReadAction\",\"target\":[[\"https:\\\/\\\/graphoui.org\\\/en\\\/contact\\\/\"]]}]},{\"@type\":\"ImageObject\",\"inLanguage\":\"en-US\",\"@id\":\"https:\\\/\\\/graphoui.org\\\/en\\\/contact\\\/#primaryimage\",\"url\":\"https:\\\/\\\/graphoui.org\\\/wp-content\\\/uploads\\\/2019\\\/10\\\/FWB-250x63.png\",\"contentUrl\":\"https:\\\/\\\/graphoui.org\\\/wp-content\\\/uploads\\\/2019\\\/10\\\/FWB-250x63.png\"},{\"@type\":\"BreadcrumbList\",\"@id\":\"https:\\\/\\\/graphoui.org\\\/en\\\/contact\\\/#breadcrumb\",\"itemListElement\":[{\"@type\":\"ListItem\",\"position\":1,\"name\":\"Home\",\"item\":\"https:\\\/\\\/graphoui.org\\\/en\\\/\"},{\"@type\":\"ListItem\",\"position\":2,\"name\":\"Contact\"}]},{\"@type\":\"WebSite\",\"@id\":\"https:\\\/\\\/graphoui.org\\\/en\\\/#website\",\"url\":\"https:\\\/\\\/graphoui.org\\\/en\\\/\",\"name\":\"Atelier Graphoui\",\"description\":\"Atelier de production &amp; CEC\",\"publisher\":{\"@id\":\"https:\\\/\\\/graphoui.org\\\/en\\\/#organization\"},\"potentialAction\":[{\"@type\":\"SearchAction\",\"target\":{\"@type\":\"EntryPoint\",\"urlTemplate\":\"https:\\\/\\\/graphoui.org\\\/en\\\/?s={search_term_string}\"},\"query-input\":{\"@type\":\"PropertyValueSpecification\",\"valueRequired\":true,\"valueName\":\"search_term_string\"}}],\"inLanguage\":\"en-US\"},{\"@type\":\"Organization\",\"@id\":\"https:\\\/\\\/graphoui.org\\\/en\\\/#organization\",\"name\":\"Atelier Graphoui\",\"url\":\"https:\\\/\\\/graphoui.org\\\/en\\\/\",\"logo\":{\"@type\":\"ImageObject\",\"inLanguage\":\"en-US\",\"@id\":\"https:\\\/\\\/graphoui.org\\\/en\\\/#\\\/schema\\\/logo\\\/image\\\/\",\"url\":\"https:\\\/\\\/graphoui.org\\\/wp-content\\\/uploads\\\/2019\\\/08\\\/cropped-logo-graphoui.png\",\"contentUrl\":\"https:\\\/\\\/graphoui.org\\\/wp-content\\\/uploads\\\/2019\\\/08\\\/cropped-logo-graphoui.png\",\"width\":348,\"height\":239,\"caption\":\"Atelier Graphoui\"},\"image\":{\"@id\":\"https:\\\/\\\/graphoui.org\\\/en\\\/#\\\/schema\\\/logo\\\/image\\\/\"}}]}<\/script>\n<!-- \/ Yoast SEO plugin. -->","yoast_head_json":{"title":"Contact - Atelier Graphoui","robots":{"index":"index","follow":"follow","max-snippet":"max-snippet:-1","max-image-preview":"max-image-preview:large","max-video-preview":"max-video-preview:-1"},"canonical":"https:\/\/graphoui.org\/en\/contact\/","og_locale":"en_US","og_type":"article","og_title":"Contact - Atelier Graphoui","og_description":"Newsletter Nos derni\u00e8res newsletters : Janvier 2025 &#8211; Mid-Winter 2025 &#8211; F\u00e9vrier 2025 &#8211; Mars 2025 &#8211; Avril 2025 &#8211;\u00a0Mai 2025 &#8211; Juin 2025 &#8211; Ateliers d&#8217;\u00e9t\u00e9 2025 &#8211;\u00a0Et\u00e9 2025... View Article","og_url":"https:\/\/graphoui.org\/en\/contact\/","og_site_name":"Atelier Graphoui","article_modified_time":"2026-04-01T14:24:09+00:00","og_image":[{"width":3423,"height":865,"url":"https:\/\/graphoui.org\/wp-content\/uploads\/2019\/10\/FWB.png","type":"image\/png"}],"twitter_card":"summary_large_image","twitter_misc":{"Est. reading time":"2 minutes"},"schema":{"@context":"https:\/\/schema.org","@graph":[{"@type":"WebPage","@id":"https:\/\/graphoui.org\/en\/contact\/","url":"https:\/\/graphoui.org\/en\/contact\/","name":"Contact - Atelier Graphoui","isPartOf":{"@id":"https:\/\/graphoui.org\/en\/#website"},"primaryImageOfPage":{"@id":"https:\/\/graphoui.org\/en\/contact\/#primaryimage"},"image":{"@id":"https:\/\/graphoui.org\/contact\/#primaryimage"},"thumbnailUrl":"https:\/\/graphoui.org\/wp-content\/uploads\/2019\/10\/FWB-250x63.png","datePublished":"2019-09-09T07:15:46+00:00","dateModified":"2026-04-01T14:24:09+00:00","breadcrumb":{"@id":"https:\/\/graphoui.org\/en\/contact\/#breadcrumb"},"inLanguage":"en-US","potentialAction":[{"@type":"ReadAction","target":[["https:\/\/graphoui.org\/en\/contact\/"]]}]},{"@type":"ImageObject","inLanguage":"en-US","@id":"https:\/\/graphoui.org\/en\/contact\/#primaryimage","url":"https:\/\/graphoui.org\/wp-content\/uploads\/2019\/10\/FWB-250x63.png","contentUrl":"https:\/\/graphoui.org\/wp-content\/uploads\/2019\/10\/FWB-250x63.png"},{"@type":"BreadcrumbList","@id":"https:\/\/graphoui.org\/en\/contact\/#breadcrumb","itemListElement":[{"@type":"ListItem","position":1,"name":"Home","item":"https:\/\/graphoui.org\/en\/"},{"@type":"ListItem","position":2,"name":"Contact"}]},{"@type":"WebSite","@id":"https:\/\/graphoui.org\/en\/#website","url":"https:\/\/graphoui.org\/en\/","name":"Atelier Graphoui","description":"Atelier de production &amp; CEC","publisher":{"@id":"https:\/\/graphoui.org\/en\/#organization"},"potentialAction":[{"@type":"SearchAction","target":{"@type":"EntryPoint","urlTemplate":"https:\/\/graphoui.org\/en\/?s={search_term_string}"},"query-input":{"@type":"PropertyValueSpecification","valueRequired":true,"valueName":"search_term_string"}}],"inLanguage":"en-US"},{"@type":"Organization","@id":"https:\/\/graphoui.org\/en\/#organization","name":"Atelier Graphoui","url":"https:\/\/graphoui.org\/en\/","logo":{"@type":"ImageObject","inLanguage":"en-US","@id":"https:\/\/graphoui.org\/en\/#\/schema\/logo\/image\/","url":"https:\/\/graphoui.org\/wp-content\/uploads\/2019\/08\/cropped-logo-graphoui.png","contentUrl":"https:\/\/graphoui.org\/wp-content\/uploads\/2019\/08\/cropped-logo-graphoui.png","width":348,"height":239,"caption":"Atelier Graphoui"},"image":{"@id":"https:\/\/graphoui.org\/en\/#\/schema\/logo\/image\/"}}]}},"_links":{"self":[{"href":"https:\/\/graphoui.org\/en\/wp-json\/wp\/v2\/pages\/2537","targetHints":{"allow":["GET"]}}],"collection":[{"href":"https:\/\/graphoui.org\/en\/wp-json\/wp\/v2\/pages"}],"about":[{"href":"https:\/\/graphoui.org\/en\/wp-json\/wp\/v2\/types\/page"}],"author":[{"embeddable":true,"href":"https:\/\/graphoui.org\/en\/wp-json\/wp\/v2\/users\/1"}],"replies":[{"embeddable":true,"href":"https:\/\/graphoui.org\/en\/wp-json\/wp\/v2\/comments?post=2537"}],"version-history":[{"count":131,"href":"https:\/\/graphoui.org\/en\/wp-json\/wp\/v2\/pages\/2537\/revisions"}],"predecessor-version":[{"id":7567,"href":"https:\/\/graphoui.org\/en\/wp-json\/wp\/v2\/pages\/2537\/revisions\/7567"}],"wp:attachment":[{"href":"https:\/\/graphoui.org\/en\/wp-json\/wp\/v2\/media?parent=2537"}],"curies":[{"name":"wp","href":"https:\/\/api.w.org\/{rel}","templated":true}]}}