{"id":74,"date":"2019-07-02T12:12:09","date_gmt":"2019-07-02T10:12:09","guid":{"rendered":"http:\/\/graphoui.org\/dakar-bruxelles-labo\/?page_id=74"},"modified":"2020-08-05T11:19:58","modified_gmt":"2020-08-05T09:19:58","slug":"accueil","status":"publish","type":"page","link":"https:\/\/graphoui.org\/dakar-bruxelles-labo\/","title":{"rendered":"accueil"},"content":{"rendered":"\n<div class=\"wp-block-cover has-background-dim-20 has-background-dim\" style=\"background-image:url(https:\/\/graphoui.org\/dakar-bruxelles-labo\/wp-content\/uploads\/2019\/06\/naye-thioker-vu-du-toit-tigo-1920.jpg);background-position:50% 0%;min-height:1000px;aspect-ratio:unset;\"><div class=\"wp-block-cover__inner-container is-layout-flow wp-block-cover-is-layout-flow\">\n<p class=\"has-text-color has-text-align-center has-normal-font-size has-white-color popmake-398\"><strong>Niaye Thiokers<\/strong>, <em>La colline des perdrix<\/em>, est situ\u00e9 au c\u0153ur historique de Dakar, la capitale s\u00e9n\u00e9galaise. Enclav\u00e9 dans un endroit strat\u00e9gique o\u00f9 le m\u00e8tre carr\u00e9 vaut plus d\u2019un million de FCFA (1500 euros), le quartier lutte pour sa survie. Les rapports de pouvoir complexes et le prix du terrain tr\u00e8s \u00e9lev\u00e9 en font un laboratoire o\u00f9 se confrontent la capacit\u00e9 de r\u00e9sistance au changement et la d\u00e9finition d\u2019un nouveau rapport entre tradition et modernit\u00e9. Des artistes s\u00e9n\u00e9galais et belges questionnent cette r\u00e9alit\u00e9 en mutation en partant \u00e0 la rencontre de r\u00e9sidents et d\u2019intervenants ext\u00e9rieurs (architectes, cin\u00e9astes, politiciens, archivistes\u2026).<\/p>\n\n\n\n<div style=\"height:650px\" aria-hidden=\"true\" class=\"wp-block-spacer\"><\/div>\n<\/div><\/div>\n\n\n\n<p><\/p>\n","protected":false},"excerpt":{"rendered":"","protected":false},"author":1,"featured_media":0,"parent":0,"menu_order":0,"comment_status":"closed","ping_status":"closed","template":"","meta":{"footnotes":""},"class_list":["post-74","page","type-page","status-publish","hentry","entry"],"_links":{"self":[{"href":"https:\/\/graphoui.org\/dakar-bruxelles-labo\/wp-json\/wp\/v2\/pages\/74","targetHints":{"allow":["GET"]}}],"collection":[{"href":"https:\/\/graphoui.org\/dakar-bruxelles-labo\/wp-json\/wp\/v2\/pages"}],"about":[{"href":"https:\/\/graphoui.org\/dakar-bruxelles-labo\/wp-json\/wp\/v2\/types\/page"}],"author":[{"embeddable":true,"href":"https:\/\/graphoui.org\/dakar-bruxelles-labo\/wp-json\/wp\/v2\/users\/1"}],"replies":[{"embeddable":true,"href":"https:\/\/graphoui.org\/dakar-bruxelles-labo\/wp-json\/wp\/v2\/comments?post=74"}],"version-history":[{"count":42,"href":"https:\/\/graphoui.org\/dakar-bruxelles-labo\/wp-json\/wp\/v2\/pages\/74\/revisions"}],"predecessor-version":[{"id":465,"href":"https:\/\/graphoui.org\/dakar-bruxelles-labo\/wp-json\/wp\/v2\/pages\/74\/revisions\/465"}],"wp:attachment":[{"href":"https:\/\/graphoui.org\/dakar-bruxelles-labo\/wp-json\/wp\/v2\/media?parent=74"}],"curies":[{"name":"wp","href":"https:\/\/api.w.org\/{rel}","templated":true}]}}