{"id":348,"date":"2020-07-20T18:22:30","date_gmt":"2020-07-20T16:22:30","guid":{"rendered":"https:\/\/graphoui.org\/dakar-bruxelles-labo\/?page_id=348"},"modified":"2020-07-20T18:52:19","modified_gmt":"2020-07-20T16:52:19","slug":"les-marais-de-ganshoren","status":"publish","type":"page","link":"https:\/\/graphoui.org\/dakar-bruxelles-labo\/les-marais-de-ganshoren\/","title":{"rendered":"Les marais de Ganshoren"},"content":{"rendered":"\n<div class=\"wp-block-columns is-layout-flex wp-container-core-columns-is-layout-9d6595d7 wp-block-columns-is-layout-flex\">\n<div class=\"wp-block-column is-layout-flow wp-block-column-is-layout-flow\">\n<p class=\"has-small-font-size\">Les <em>marais de Ganshoren<\/em>, territoire enclav\u00e9 entre 2 voies de chemins de fer, entre la ville,&nbsp; les autoroutes et la campagne, entre&nbsp; 3 communes (Ganshoren, Jette et Zelik), entre la r\u00e9gion flamande et la r\u00e9gion bruxelloise\u2026&nbsp;<\/p>\n\n\n\n<p class=\"has-small-font-size\">Il y a 50 ans c\u2019\u00e9tait la brousse.Il y a une diff\u00e9rence de 40 m entre le plateau de la basilique et le mar\u00e9cage.<\/p>\n\n\n\n<p class=\"has-small-font-size\"><em>\u00ab&nbsp;La semaine derni\u00e8re, il y a encore eu des inondations<\/em>. <em>On est dans la boue, on entend les oies et les canards&#8230; le h\u00e9ron cendr\u00e9.<\/em> <em>Les constructions pr\u00e9s du chemin de fer sont r\u00e9guli\u00e8rement inond\u00e9es.<\/em> <em>L\u2019eau refoule par les caves. Certains habitants se sont munis de pompes \u00e0 eau. \u00bb<\/em><\/p>\n\n\n\n<p class=\"has-small-font-size\">Cette zone &nbsp;int\u00e9resse beaucoup de monde. Des entrepreneurs, des politiciens, des d\u00e9fenseurs de l\u2019environnement, des associations sportives, culturelles. Mais elle est mar\u00e9cageuse.<\/p>\n<\/div>\n\n\n\n<div class=\"wp-block-column is-layout-flow wp-block-column-is-layout-flow\">\n<p class=\"has-small-font-size\">Elle offre un terrain d\u2019exp\u00e9rimentation \u00e0 des initiateurs de projets en recherche d\u2019espace libre, des marginaux en recherche de failles.<\/p>\n\n\n\n<p class=\"has-small-font-size\">Tout ce qui se fait ici est une question de rapport de forces. Il y a ceux qui imposent leur projet officiellement\u2026 et puis il y a ceux qui s\u2019installent sans rien ne demander \u00e0 personne.<\/p>\n\n\n\n<p class=\"has-small-font-size\"><em>\u00ab&nbsp;Tu peux cr\u00e9er ton petit monde pour quelques jours, quelques mois, m\u00eame les investisseurs entreprennent mais ne peuvent pas s\u2019\u00e9terniser ici. C\u2019est de plus en plus balis\u00e9 mais quand tu regardes bien tu vois que certains prennent des libert\u00e9s. Ici \u00e7a bouge tout le temps\u2026&nbsp;\u00bb<\/em><\/p>\n<\/div>\n<\/div>\n\n\n\n<div style=\"height:30px\" aria-hidden=\"true\" class=\"wp-block-spacer\"><\/div>\n\n\n\n<div class=\"wp-block-columns is-layout-flex wp-container-core-columns-is-layout-9d6595d7 wp-block-columns-is-layout-flex\">\n<div class=\"wp-block-column is-layout-flow wp-block-column-is-layout-flow\" style=\"flex-basis:66.66%\">\n<figure class=\"wp-block-embed-vimeo wp-block-embed is-type-video is-provider-vimeo wp-embed-aspect-16-9 wp-has-aspect-ratio\"><div class=\"wp-block-embed__wrapper\">\n<iframe loading=\"lazy\" title=\"Les marais de Ganshoren \/ Jacques Faton \/ Janvier 2020\" src=\"https:\/\/player.vimeo.com\/video\/389216118?dnt=1&amp;app_id=122963\" width=\"640\" height=\"360\" frameborder=\"0\" allow=\"autoplay; fullscreen; picture-in-picture; clipboard-write\"><\/iframe>\n<\/div><\/figure>\n<\/div>\n\n\n\n<div class=\"wp-block-column is-layout-flow wp-block-column-is-layout-flow\" style=\"flex-basis:33.33%\">\n<p>Les marais de Ganshoren<\/p>\n\n\n\n<p class=\"has-small-font-size\">20&prime; \/ 2020<\/p>\n\n\n\n<p class=\"has-small-font-size\">R\u00e9alis\u00e9 par <a href=\"https:\/\/graphoui.org\/dakar-bruxelles-labo\/un-lieu-en-mutation-jacques-faton\/\">Jacques Faton<\/a><\/p>\n<\/div>\n<\/div>\n\n\n\n<div style=\"height:30px\" aria-hidden=\"true\" class=\"wp-block-spacer\"><\/div>\n\n\n\n<div class=\"wp-block-columns is-layout-flex wp-container-core-columns-is-layout-9d6595d7 wp-block-columns-is-layout-flex\">\n<div class=\"wp-block-column is-layout-flow wp-block-column-is-layout-flow\" style=\"flex-basis:66.66%\">\n<figure class=\"wp-block-embed-vimeo wp-block-embed is-type-video is-provider-vimeo wp-embed-aspect-16-9 wp-has-aspect-ratio\"><div class=\"wp-block-embed__wrapper\">\n<iframe loading=\"lazy\" title=\"Les marais de Ganshoren \/ Piniang \/ 2019\" src=\"https:\/\/player.vimeo.com\/video\/440041314?dnt=1&amp;app_id=122963\" width=\"640\" height=\"360\" frameborder=\"0\" allow=\"autoplay; fullscreen; picture-in-picture; clipboard-write\"><\/iframe>\n<\/div><\/figure>\n<\/div>\n\n\n\n<div class=\"wp-block-column is-layout-flow wp-block-column-is-layout-flow\" style=\"flex-basis:33.33%\">\n<p>Les marais de Ganshoren<\/p>\n\n\n\n<p class=\"has-small-font-size\">5&prime; \/ 2019<\/p>\n\n\n\n<p class=\"has-small-font-size\">R\u00e9alis\u00e9 par <a href=\"https:\/\/graphoui.org\/dakar-bruxelles-labo\/un-village-dans-la-ville-piniang\/\">Piniang<\/a><\/p>\n<\/div>\n<\/div>\n","protected":false},"excerpt":{"rendered":"<p>Les marais de Ganshoren, territoire enclav\u00e9 entre 2 voies de chemins de fer, entre la ville,&nbsp; les autoroutes et la campagne, entre&nbsp; 3 communes (Ganshoren, Jette et Zelik), entre la r\u00e9gion flamande et la r\u00e9gion bruxelloise\u2026&nbsp; Il y a 50 ans c\u2019\u00e9tait la brousse.Il y a une diff\u00e9rence de 40 m entre le plateau de &hellip; <\/p>\n<p class=\"link-more\"><a href=\"https:\/\/graphoui.org\/dakar-bruxelles-labo\/les-marais-de-ganshoren\/\" class=\"more-link\">Continuer la lecture <span class=\"screen-reader-text\"> \u00ab\u00a0Les marais de Ganshoren\u00a0\u00bb<\/span><\/a><\/p>\n","protected":false},"author":1,"featured_media":0,"parent":0,"menu_order":0,"comment_status":"closed","ping_status":"closed","template":"","meta":{"footnotes":""},"class_list":["post-348","page","type-page","status-publish","hentry","entry"],"_links":{"self":[{"href":"https:\/\/graphoui.org\/dakar-bruxelles-labo\/wp-json\/wp\/v2\/pages\/348","targetHints":{"allow":["GET"]}}],"collection":[{"href":"https:\/\/graphoui.org\/dakar-bruxelles-labo\/wp-json\/wp\/v2\/pages"}],"about":[{"href":"https:\/\/graphoui.org\/dakar-bruxelles-labo\/wp-json\/wp\/v2\/types\/page"}],"author":[{"embeddable":true,"href":"https:\/\/graphoui.org\/dakar-bruxelles-labo\/wp-json\/wp\/v2\/users\/1"}],"replies":[{"embeddable":true,"href":"https:\/\/graphoui.org\/dakar-bruxelles-labo\/wp-json\/wp\/v2\/comments?post=348"}],"version-history":[{"count":4,"href":"https:\/\/graphoui.org\/dakar-bruxelles-labo\/wp-json\/wp\/v2\/pages\/348\/revisions"}],"predecessor-version":[{"id":363,"href":"https:\/\/graphoui.org\/dakar-bruxelles-labo\/wp-json\/wp\/v2\/pages\/348\/revisions\/363"}],"wp:attachment":[{"href":"https:\/\/graphoui.org\/dakar-bruxelles-labo\/wp-json\/wp\/v2\/media?parent=348"}],"curies":[{"name":"wp","href":"https:\/\/api.w.org\/{rel}","templated":true}]}}